{"id":539,"date":"2024-10-27T23:21:43","date_gmt":"2024-10-27T22:21:43","guid":{"rendered":"http:\/\/evansimontennis.fr\/?page_id=539"},"modified":"2024-11-09T17:20:43","modified_gmt":"2024-11-09T16:20:43","slug":"ma-progression","status":"publish","type":"page","link":"https:\/\/evansimontennis.fr\/?page_id=539","title":{"rendered":"Ma progression"},"content":{"rendered":"\t\t<div data-elementor-type=\"wp-page\" data-elementor-id=\"539\" class=\"elementor elementor-539\">\n\t\t\t\t<div class=\"elementor-element elementor-element-d25d177 e-flex e-con-boxed e-con e-parent\" data-id=\"d25d177\" data-element_type=\"container\" data-e-type=\"container\" data-settings=\"{&quot;background_background&quot;:&quot;classic&quot;}\">\n\t\t\t\t\t<div class=\"e-con-inner\">\n\t\t\t\t<div class=\"elementor-element elementor-element-4a8205e elementor-widget elementor-widget-heading\" data-id=\"4a8205e\" data-element_type=\"widget\" data-e-type=\"widget\" data-widget_type=\"heading.default\">\n\t\t\t\t<div class=\"elementor-widget-container\">\n\t\t\t\t\t<h1 class=\"elementor-heading-title elementor-size-default\">Ma progression<\/h1>\t\t\t\t<\/div>\n\t\t\t\t<\/div>\n\t\t\t\t\t<\/div>\n\t\t\t\t<\/div>\n\t\t<div class=\"elementor-element elementor-element-16760b6 e-flex e-con-boxed e-con e-parent\" data-id=\"16760b6\" data-element_type=\"container\" data-e-type=\"container\">\n\t\t\t\t\t<div class=\"e-con-inner\">\n\t\t\t\t<div class=\"elementor-element elementor-element-89ecae6 elementor-widget elementor-widget-heading\" data-id=\"89ecae6\" data-element_type=\"widget\" data-e-type=\"widget\" data-widget_type=\"heading.default\">\n\t\t\t\t<div class=\"elementor-widget-container\">\n\t\t\t\t\t<h3 class=\"elementor-heading-title elementor-size-default\">Ma progression est plut\u00f4t constante pour un jeune ayant commenc\u00e9 de fa\u00e7on tardive la pratique du tennis  tout en suivant ses \u00e9tudes par correspondance! <\/h3>\t\t\t\t<\/div>\n\t\t\t\t<\/div>\n\t\t\t\t\t<\/div>\n\t\t\t\t<\/div>\n\t\t<div class=\"elementor-element elementor-element-b26ae30 e-con-full e-flex e-con e-parent\" data-id=\"b26ae30\" data-element_type=\"container\" data-e-type=\"container\">\n\t\t<div class=\"elementor-element elementor-element-efc32ee e-flex e-con-boxed e-con e-child\" data-id=\"efc32ee\" data-element_type=\"container\" data-e-type=\"container\">\n\t\t\t\t\t<div class=\"e-con-inner\">\n\t\t<div class=\"elementor-element elementor-element-8c150cf e-con-full e-flex e-con e-child\" data-id=\"8c150cf\" data-element_type=\"container\" data-e-type=\"container\" data-settings=\"{&quot;background_background&quot;:&quot;classic&quot;}\">\n\t\t\t\t<div class=\"elementor-element elementor-element-3b1e8b3 elementor-widget elementor-widget-heading\" data-id=\"3b1e8b3\" data-element_type=\"widget\" data-e-type=\"widget\" data-widget_type=\"heading.default\">\n\t\t\t\t<div class=\"elementor-widget-container\">\n\t\t\t\t\t<h2 class=\"elementor-heading-title elementor-size-default\">2018<\/h2>\t\t\t\t<\/div>\n\t\t\t\t<\/div>\n\t\t<div class=\"elementor-element elementor-element-b6f6530 e-con-full e-flex e-con e-child\" data-id=\"b6f6530\" data-element_type=\"container\" data-e-type=\"container\" data-settings=\"{&quot;background_background&quot;:&quot;classic&quot;}\">\n\t\t\t\t<div class=\"elementor-element elementor-element-a17cfa2 elementor-widget elementor-widget-heading\" data-id=\"a17cfa2\" data-element_type=\"widget\" data-e-type=\"widget\" data-widget_type=\"heading.default\">\n\t\t\t\t<div class=\"elementor-widget-container\">\n\t\t\t\t\t<h3 class=\"elementor-heading-title elementor-size-default\">40<\/h3>\t\t\t\t<\/div>\n\t\t\t\t<\/div>\n\t\t\t\t<\/div>\n\t\t\t\t<\/div>\n\t\t\t\t\t<\/div>\n\t\t\t\t<\/div>\n\t\t<div class=\"elementor-element elementor-element-0290847 e-flex e-con-boxed e-con e-child\" data-id=\"0290847\" data-element_type=\"container\" data-e-type=\"container\">\n\t\t\t\t\t<div class=\"e-con-inner\">\n\t\t<div class=\"elementor-element elementor-element-43a2651 e-con-full e-flex e-con e-child\" data-id=\"43a2651\" data-element_type=\"container\" data-e-type=\"container\" data-settings=\"{&quot;background_background&quot;:&quot;classic&quot;}\">\n\t\t\t\t<div class=\"elementor-element elementor-element-9abaf7b elementor-widget elementor-widget-heading\" data-id=\"9abaf7b\" data-element_type=\"widget\" data-e-type=\"widget\" data-widget_type=\"heading.default\">\n\t\t\t\t<div class=\"elementor-widget-container\">\n\t\t\t\t\t<h2 class=\"elementor-heading-title elementor-size-default\">2019<\/h2>\t\t\t\t<\/div>\n\t\t\t\t<\/div>\n\t\t<div class=\"elementor-element elementor-element-8951d2a e-con-full e-flex e-con e-child\" data-id=\"8951d2a\" data-element_type=\"container\" data-e-type=\"container\" data-settings=\"{&quot;background_background&quot;:&quot;classic&quot;}\">\n\t\t\t\t<div class=\"elementor-element elementor-element-2c807c7 elementor-widget elementor-widget-heading\" data-id=\"2c807c7\" data-element_type=\"widget\" data-e-type=\"widget\" data-widget_type=\"heading.default\">\n\t\t\t\t<div class=\"elementor-widget-container\">\n\t\t\t\t\t<h3 class=\"elementor-heading-title elementor-size-default\">30\/2<\/h3>\t\t\t\t<\/div>\n\t\t\t\t<\/div>\n\t\t\t\t<\/div>\n\t\t\t\t<\/div>\n\t\t\t\t\t<\/div>\n\t\t\t\t<\/div>\n\t\t<div class=\"elementor-element elementor-element-74adbb3 e-flex e-con-boxed e-con e-child\" data-id=\"74adbb3\" data-element_type=\"container\" data-e-type=\"container\">\n\t\t\t\t\t<div class=\"e-con-inner\">\n\t\t<div class=\"elementor-element elementor-element-1a6e9b5 e-con-full e-flex e-con e-child\" data-id=\"1a6e9b5\" data-element_type=\"container\" data-e-type=\"container\" data-settings=\"{&quot;background_background&quot;:&quot;classic&quot;}\">\n\t\t\t\t<div class=\"elementor-element elementor-element-8ce84dc elementor-widget elementor-widget-heading\" data-id=\"8ce84dc\" data-element_type=\"widget\" data-e-type=\"widget\" data-widget_type=\"heading.default\">\n\t\t\t\t<div class=\"elementor-widget-container\">\n\t\t\t\t\t<h2 class=\"elementor-heading-title elementor-size-default\">2020<\/h2>\t\t\t\t<\/div>\n\t\t\t\t<\/div>\n\t\t<div class=\"elementor-element elementor-element-931bca0 e-con-full e-flex e-con e-child\" data-id=\"931bca0\" data-element_type=\"container\" data-e-type=\"container\" data-settings=\"{&quot;background_background&quot;:&quot;classic&quot;}\">\n\t\t\t\t<div class=\"elementor-element elementor-element-62cdf8f elementor-widget elementor-widget-heading\" data-id=\"62cdf8f\" data-element_type=\"widget\" data-e-type=\"widget\" data-widget_type=\"heading.default\">\n\t\t\t\t<div class=\"elementor-widget-container\">\n\t\t\t\t\t<h3 class=\"elementor-heading-title elementor-size-default\">30<\/h3>\t\t\t\t<\/div>\n\t\t\t\t<\/div>\n\t\t\t\t<\/div>\n\t\t\t\t<\/div>\n\t\t\t\t\t<\/div>\n\t\t\t\t<\/div>\n\t\t<div class=\"elementor-element elementor-element-0bd9738 e-flex e-con-boxed e-con e-child\" data-id=\"0bd9738\" data-element_type=\"container\" data-e-type=\"container\">\n\t\t\t\t\t<div class=\"e-con-inner\">\n\t\t<div class=\"elementor-element elementor-element-ca792ad e-con-full e-flex e-con e-child\" data-id=\"ca792ad\" data-element_type=\"container\" data-e-type=\"container\" data-settings=\"{&quot;background_background&quot;:&quot;classic&quot;}\">\n\t\t\t\t<div class=\"elementor-element elementor-element-8afd569 elementor-widget elementor-widget-heading\" data-id=\"8afd569\" data-element_type=\"widget\" data-e-type=\"widget\" data-widget_type=\"heading.default\">\n\t\t\t\t<div class=\"elementor-widget-container\">\n\t\t\t\t\t<h2 class=\"elementor-heading-title elementor-size-default\">2021<\/h2>\t\t\t\t<\/div>\n\t\t\t\t<\/div>\n\t\t<div class=\"elementor-element elementor-element-02d20a8 e-con-full e-flex e-con e-child\" data-id=\"02d20a8\" data-element_type=\"container\" data-e-type=\"container\" data-settings=\"{&quot;background_background&quot;:&quot;classic&quot;}\">\n\t\t\t\t<div class=\"elementor-element elementor-element-425a219 elementor-widget elementor-widget-heading\" data-id=\"425a219\" data-element_type=\"widget\" data-e-type=\"widget\" data-widget_type=\"heading.default\">\n\t\t\t\t<div class=\"elementor-widget-container\">\n\t\t\t\t\t<h3 class=\"elementor-heading-title elementor-size-default\">15\/2<\/h3>\t\t\t\t<\/div>\n\t\t\t\t<\/div>\n\t\t\t\t<\/div>\n\t\t\t\t<\/div>\n\t\t\t\t\t<\/div>\n\t\t\t\t<\/div>\n\t\t<div class=\"elementor-element elementor-element-80d0607 e-flex e-con-boxed e-con e-child\" data-id=\"80d0607\" data-element_type=\"container\" data-e-type=\"container\">\n\t\t\t\t\t<div class=\"e-con-inner\">\n\t\t<div class=\"elementor-element elementor-element-6a67602 e-con-full e-flex e-con e-child\" data-id=\"6a67602\" data-element_type=\"container\" data-e-type=\"container\" data-settings=\"{&quot;background_background&quot;:&quot;classic&quot;}\">\n\t\t\t\t<div class=\"elementor-element elementor-element-3811bda elementor-widget elementor-widget-heading\" data-id=\"3811bda\" data-element_type=\"widget\" data-e-type=\"widget\" data-widget_type=\"heading.default\">\n\t\t\t\t<div class=\"elementor-widget-container\">\n\t\t\t\t\t<h2 class=\"elementor-heading-title elementor-size-default\">2022<\/h2>\t\t\t\t<\/div>\n\t\t\t\t<\/div>\n\t\t<div class=\"elementor-element elementor-element-9785eb8 e-con-full e-flex e-con e-child\" data-id=\"9785eb8\" data-element_type=\"container\" data-e-type=\"container\" data-settings=\"{&quot;background_background&quot;:&quot;classic&quot;}\">\n\t\t\t\t<div class=\"elementor-element elementor-element-1db0db6 elementor-widget elementor-widget-heading\" data-id=\"1db0db6\" data-element_type=\"widget\" data-e-type=\"widget\" data-widget_type=\"heading.default\">\n\t\t\t\t<div class=\"elementor-widget-container\">\n\t\t\t\t\t<h3 class=\"elementor-heading-title elementor-size-default\">2\/6<\/h3>\t\t\t\t<\/div>\n\t\t\t\t<\/div>\n\t\t\t\t<\/div>\n\t\t\t\t<\/div>\n\t\t\t\t\t<\/div>\n\t\t\t\t<\/div>\n\t\t<div class=\"elementor-element elementor-element-7111dcc e-flex e-con-boxed e-con e-child\" data-id=\"7111dcc\" data-element_type=\"container\" data-e-type=\"container\">\n\t\t\t\t\t<div class=\"e-con-inner\">\n\t\t<div class=\"elementor-element elementor-element-eda1eb4 e-con-full e-flex e-con e-child\" data-id=\"eda1eb4\" data-element_type=\"container\" data-e-type=\"container\" data-settings=\"{&quot;background_background&quot;:&quot;classic&quot;}\">\n\t\t\t\t<div class=\"elementor-element elementor-element-41c2b5b elementor-widget elementor-widget-heading\" data-id=\"41c2b5b\" data-element_type=\"widget\" data-e-type=\"widget\" data-widget_type=\"heading.default\">\n\t\t\t\t<div class=\"elementor-widget-container\">\n\t\t\t\t\t<h2 class=\"elementor-heading-title elementor-size-default\">2023<\/h2>\t\t\t\t<\/div>\n\t\t\t\t<\/div>\n\t\t<div class=\"elementor-element elementor-element-25f28f1 e-con-full e-flex e-con e-child\" data-id=\"25f28f1\" data-element_type=\"container\" data-e-type=\"container\" data-settings=\"{&quot;background_background&quot;:&quot;classic&quot;}\">\n\t\t\t\t<div class=\"elementor-element elementor-element-17bd7ce elementor-widget elementor-widget-heading\" data-id=\"17bd7ce\" data-element_type=\"widget\" data-e-type=\"widget\" data-widget_type=\"heading.default\">\n\t\t\t\t<div class=\"elementor-widget-container\">\n\t\t\t\t\t<h3 class=\"elementor-heading-title elementor-size-default\">1\/6<\/h3>\t\t\t\t<\/div>\n\t\t\t\t<\/div>\n\t\t\t\t<\/div>\n\t\t\t\t<\/div>\n\t\t\t\t\t<\/div>\n\t\t\t\t<\/div>\n\t\t<div class=\"elementor-element elementor-element-a348aa5 e-flex e-con-boxed e-con e-child\" data-id=\"a348aa5\" data-element_type=\"container\" data-e-type=\"container\">\n\t\t\t\t\t<div class=\"e-con-inner\">\n\t\t<div class=\"elementor-element elementor-element-a9ab672 e-con-full e-flex e-con e-child\" data-id=\"a9ab672\" data-element_type=\"container\" data-e-type=\"container\" data-settings=\"{&quot;background_background&quot;:&quot;classic&quot;}\">\n\t\t\t\t<div class=\"elementor-element elementor-element-42ab2c9 elementor-widget elementor-widget-heading\" data-id=\"42ab2c9\" data-element_type=\"widget\" data-e-type=\"widget\" data-widget_type=\"heading.default\">\n\t\t\t\t<div class=\"elementor-widget-container\">\n\t\t\t\t\t<h2 class=\"elementor-heading-title elementor-size-default\">2024<\/h2>\t\t\t\t<\/div>\n\t\t\t\t<\/div>\n\t\t<div class=\"elementor-element elementor-element-1b351a6 e-con-full e-flex e-con e-child\" data-id=\"1b351a6\" data-element_type=\"container\" data-e-type=\"container\" data-settings=\"{&quot;background_background&quot;:&quot;classic&quot;}\">\n\t\t\t\t<div class=\"elementor-element elementor-element-8f12e5f elementor-widget elementor-widget-heading\" data-id=\"8f12e5f\" data-element_type=\"widget\" data-e-type=\"widget\" data-widget_type=\"heading.default\">\n\t\t\t\t<div class=\"elementor-widget-container\">\n\t\t\t\t\t<h3 class=\"elementor-heading-title elementor-size-default\">-2\/6<\/h3>\t\t\t\t<\/div>\n\t\t\t\t<\/div>\n\t\t\t\t<\/div>\n\t\t\t\t<\/div>\n\t\t\t\t\t<\/div>\n\t\t\t\t<\/div>\n\t\t\t\t<\/div>\n\t\t<div class=\"elementor-element elementor-element-527530f e-con-full e-flex e-con e-parent\" data-id=\"527530f\" data-element_type=\"container\" data-e-type=\"container\" data-settings=\"{&quot;background_background&quot;:&quot;classic&quot;}\">\n\t\t<div class=\"elementor-element elementor-element-9cc833e e-con-full e-flex e-con e-child\" data-id=\"9cc833e\" data-element_type=\"container\" data-e-type=\"container\">\n\t\t\t\t<div class=\"elementor-element elementor-element-9b0a988 elementor-widget elementor-widget-heading\" data-id=\"9b0a988\" data-element_type=\"widget\" data-e-type=\"widget\" data-widget_type=\"heading.default\">\n\t\t\t\t<div class=\"elementor-widget-container\">\n\t\t\t\t\t<h2 class=\"elementor-heading-title elementor-size-default\">Mes \u00e9tudes<\/h2>\t\t\t\t<\/div>\n\t\t\t\t<\/div>\n\t\t\t\t<div class=\"elementor-element elementor-element-99e372a elementor-widget elementor-widget-text-editor\" data-id=\"99e372a\" data-element_type=\"widget\" data-e-type=\"widget\" data-widget_type=\"text-editor.default\">\n\t\t\t\t<div class=\"elementor-widget-container\">\n\t\t\t\t\t\t\t\t\t<p>Depuis 2022, j&#8217;ai le privil\u00e8ge de m&#8217;entrainer au Centre de formation de Jean-Ren\u00e9 Lisnard \u00e0 Cannes tout en suivant ma scolarit\u00e9 avec le CNED.<\/p><p>L&#8217;instruction dans la famille n\u00e9cessite de la rigueur et une bonne m\u00e9thodologie mais elle est aussi n\u00e9cessaire.<\/p><p>\u00a0<\/p><p>Pour concr\u00e9tiser mon projet de sportif de haut niveau, il a fallu que je suive ma scolarit\u00e9 par correspondance. Cela me permet de rester concentr\u00e9 sur ma progression tout en participant r\u00e9guli\u00e8rement \u00e0 des tournois \u00e0 l\u2019\u00e9tranger. C\u2019est un d\u00e9fi que je rel\u00e8ve avec passion, mais cela n&#8217;aurait pas \u00e9t\u00e9 possible sans le soutien ind\u00e9fectible de ma famille et, plus particuli\u00e8rement, de mes parents.<\/p><p>\u00c0 leurs c\u00f4t\u00e9s, nous avons cr\u00e9\u00e9 une association sportive, essentielle pour recevoir le soutien de m\u00e9c\u00e8nes et sponsors. Gr\u00e2ce \u00e0 eux, je peux faire face aux frais de plus en plus \u00e9lev\u00e9s li\u00e9s aux comp\u00e9titions, qui deviennent plus nombreuses et \u00e9loign\u00e9es.<\/p><p>C\u2019est un projet ambitieux, mais je suis convaincu qu\u2019avec du travail, de la volont\u00e9, et le soutien de tous, je peux r\u00e9aliser ce r\u00eave.<\/p>\t\t\t\t\t\t\t\t<\/div>\n\t\t\t\t<\/div>\n\t\t\t\t<\/div>\n\t\t<div class=\"elementor-element elementor-element-f7a4f55 e-con-full e-flex e-con e-child\" data-id=\"f7a4f55\" data-element_type=\"container\" data-e-type=\"container\">\n\t\t\t\t<div class=\"elementor-element elementor-element-1e0e651 elementor-widget elementor-widget-image\" data-id=\"1e0e651\" data-element_type=\"widget\" data-e-type=\"widget\" data-widget_type=\"image.default\">\n\t\t\t\t<div class=\"elementor-widget-container\">\n\t\t\t\t\t\t\t\t\t\t\t\t\t\t\t<img fetchpriority=\"high\" decoding=\"async\" width=\"596\" height=\"675\" src=\"https:\/\/evansimontennis.fr\/wp-content\/uploads\/2024\/10\/LOUUSSADA-2024.jpg\" class=\"attachment-full size-full wp-image-458\" alt=\"\" srcset=\"https:\/\/evansimontennis.fr\/wp-content\/uploads\/2024\/10\/LOUUSSADA-2024.jpg 596w, https:\/\/evansimontennis.fr\/wp-content\/uploads\/2024\/10\/LOUUSSADA-2024-265x300.jpg 265w\" sizes=\"(max-width: 596px) 100vw, 596px\" \/>\t\t\t\t\t\t\t\t\t\t\t\t\t\t\t<\/div>\n\t\t\t\t<\/div>\n\t\t\t\t<\/div>\n\t\t\t\t<\/div>\n\t\t<div class=\"elementor-element elementor-element-535c1c9 e-con-full e-flex e-con e-parent\" data-id=\"535c1c9\" data-element_type=\"container\" data-e-type=\"container\">\n\t\t<div class=\"elementor-element elementor-element-af6930a e-con-full e-flex e-con e-child\" data-id=\"af6930a\" data-element_type=\"container\" data-e-type=\"container\">\n\t\t\t\t<div class=\"elementor-element elementor-element-86c1bfe elementor-widget elementor-widget-image\" data-id=\"86c1bfe\" data-element_type=\"widget\" data-e-type=\"widget\" data-widget_type=\"image.default\">\n\t\t\t\t<div class=\"elementor-widget-container\">\n\t\t\t\t\t\t\t\t\t\t\t\t\t\t\t<img decoding=\"async\" width=\"769\" height=\"1024\" src=\"https:\/\/evansimontennis.fr\/wp-content\/uploads\/2024\/10\/IMG-20240703-WA0012-769x1024.jpg\" class=\"attachment-large size-large wp-image-495\" alt=\"\" srcset=\"https:\/\/evansimontennis.fr\/wp-content\/uploads\/2024\/10\/IMG-20240703-WA0012-769x1024.jpg 769w, https:\/\/evansimontennis.fr\/wp-content\/uploads\/2024\/10\/IMG-20240703-WA0012-225x300.jpg 225w, https:\/\/evansimontennis.fr\/wp-content\/uploads\/2024\/10\/IMG-20240703-WA0012-768x1022.jpg 768w, https:\/\/evansimontennis.fr\/wp-content\/uploads\/2024\/10\/IMG-20240703-WA0012.jpg 843w\" sizes=\"(max-width: 769px) 100vw, 769px\" \/>\t\t\t\t\t\t\t\t\t\t\t\t\t\t\t<\/div>\n\t\t\t\t<\/div>\n\t\t\t\t<\/div>\n\t\t<div class=\"elementor-element elementor-element-9c66cf1 e-con-full e-flex e-con e-child\" data-id=\"9c66cf1\" data-element_type=\"container\" data-e-type=\"container\">\n\t\t\t\t<div class=\"elementor-element elementor-element-66c8990 elementor-widget elementor-widget-heading\" data-id=\"66c8990\" data-element_type=\"widget\" data-e-type=\"widget\" data-widget_type=\"heading.default\">\n\t\t\t\t<div class=\"elementor-widget-container\">\n\t\t\t\t\t<h2 class=\"elementor-heading-title elementor-size-default\">Mes objectifs<\/h2>\t\t\t\t<\/div>\n\t\t\t\t<\/div>\n\t\t\t\t<div class=\"elementor-element elementor-element-b08f34f elementor-widget elementor-widget-text-editor\" data-id=\"b08f34f\" data-element_type=\"widget\" data-e-type=\"widget\" data-widget_type=\"text-editor.default\">\n\t\t\t\t<div class=\"elementor-widget-container\">\n\t\t\t\t\t\t\t\t\t<p>Mes objectifs sont clairs : continuer sur ma courbe de progression pour rester au contact des meilleurs juniors mondiaux et consolider ma place parmi eux.<\/p><p>Cette saison, je vais \u00e9galement viser mes premiers points ATP.<\/p><p>Chaque nouvelle comp\u00e9tition sera une opportunit\u00e9 d&#8217;apprendre, de m\u2019endurcir, et de me rapprocher de mon r\u00eave de passer au niveau professionnel.<\/p><p>C&#8217;est un d\u00e9fi qui demande pers\u00e9v\u00e9rance et engagement, mais je suis plus que jamais pr\u00eat \u00e0 y consacrer toute mon \u00e9nergie.<\/p>\t\t\t\t\t\t\t\t<\/div>\n\t\t\t\t<\/div>\n\t\t\t\t<\/div>\n\t\t\t\t<\/div>\n\t\t\t\t<\/div>\n\t\t","protected":false},"excerpt":{"rendered":"<p>Ma progression Ma progression est plut\u00f4t constante pour un jeune ayant commenc\u00e9 de fa\u00e7on tardive la pratique du tennis tout en suivant ses \u00e9tudes par correspondance! 2018 40 2019 30\/2 2020 30 2021 15\/2 2022 2\/6 2023 1\/6 2024 -2\/6 Mes \u00e9tudes Depuis 2022, j&#8217;ai le privil\u00e8ge de m&#8217;entrainer au Centre de formation de Jean-Ren\u00e9 [&hellip;]<\/p>\n","protected":false},"author":1,"featured_media":0,"parent":0,"menu_order":0,"comment_status":"closed","ping_status":"closed","template":"","meta":{"footnotes":""},"class_list":["post-539","page","type-page","status-publish","hentry","entry"],"_links":{"self":[{"href":"https:\/\/evansimontennis.fr\/index.php?rest_route=\/wp\/v2\/pages\/539","targetHints":{"allow":["GET"]}}],"collection":[{"href":"https:\/\/evansimontennis.fr\/index.php?rest_route=\/wp\/v2\/pages"}],"about":[{"href":"https:\/\/evansimontennis.fr\/index.php?rest_route=\/wp\/v2\/types\/page"}],"author":[{"embeddable":true,"href":"https:\/\/evansimontennis.fr\/index.php?rest_route=\/wp\/v2\/users\/1"}],"replies":[{"embeddable":true,"href":"https:\/\/evansimontennis.fr\/index.php?rest_route=%2Fwp%2Fv2%2Fcomments&post=539"}],"version-history":[{"count":165,"href":"https:\/\/evansimontennis.fr\/index.php?rest_route=\/wp\/v2\/pages\/539\/revisions"}],"predecessor-version":[{"id":1142,"href":"https:\/\/evansimontennis.fr\/index.php?rest_route=\/wp\/v2\/pages\/539\/revisions\/1142"}],"wp:attachment":[{"href":"https:\/\/evansimontennis.fr\/index.php?rest_route=%2Fwp%2Fv2%2Fmedia&parent=539"}],"curies":[{"name":"wp","href":"https:\/\/api.w.org\/{rel}","templated":true}]}}